{"id":26,"date":"2018-05-07T14:42:14","date_gmt":"2018-05-07T12:42:14","guid":{"rendered":"http:\/\/www.grundschule-humboldtstrasse.de\/?page_id=26"},"modified":"2018-05-07T14:42:14","modified_gmt":"2018-05-07T12:42:14","slug":"schuelerbuecherei","status":"publish","type":"page","link":"https:\/\/www.grundschule-humboldtstrasse.de\/?page_id=26","title":{"rendered":"Sch\u00fclerb\u00fccherei"},"content":{"rendered":"<p><span style=\"font-size: 14pt;\"><b>Schulb\u00fccherei<\/b><\/span><\/p>\n<table style=\"width: 937px; height: 108px;\">\n<tbody>\n<tr>\n<td style=\"width: 927px;\">\n<p><span style=\"font-family: tahoma,arial,helvetica,sans-serif;\">Die Sch\u00fclerb\u00fccherei wurde im letzten Jahr mit viel Engagement\u00a0umgestaltet und versch\u00f6nert. Nun gibt es mehrere gem\u00fctliche\u00a0Leseecken mit Teppichen und Kissen, die zum Lesen und Schm\u00f6kern einladen. Die B\u00fccher werden \u00fcbersichtlich und nach Sachgebieten sortiert pr\u00e4sentiert. Bilder und Poster versch\u00f6nern die W\u00e4nde und machen neugierig auf Klassiker wie Pippi Langstrumpf, die kleine Hexe oder die wilden H\u00fchner.<\/span><\/p>\n<p><span style=\"font-family: tahoma,arial,helvetica,sans-serif;\">Ge\u00f6ffnet ist unsere B\u00fccherei montags von 9:00 Uhr bis 12:00 Uhr und mittwochs von 8:30 Uhr bis 10:00 Uhr!<\/span><\/p>\n<p><span style=\"font-family: tahoma,arial,helvetica,sans-serif;\">Die Ausleihe wird von Eltern vorgenommen, die jeden Montag\u00a0und jeden Mittwoch\u00a0f\u00fcr unsere Kinder in der B\u00fccherei mitarbeiten! VIELEN DANK!<\/span><\/p>\n<\/td>\n<\/tr>\n<\/tbody>\n<\/table>\n<p>\u00a0<\/p>\n<table style=\"width: 839.51px; height: 688px;\">\n<tbody>\n<tr style=\"height: 52px;\">\n<td style=\"width: 314px; height: 52px;\"><img fetchpriority=\"high\" decoding=\"async\" src=\"images\/Buecherei\/k-RIMG2413.JPG\" alt=\"\" width=\"295\" height=\"222\" \/><\/td>\n<td style=\"width: 144px; height: 52px;\">\u00a0<\/td>\n<td style=\"width: 353.51px; height: 52px;\" colspan=\"2\"><img decoding=\"async\" style=\"margin-right: auto; margin-left: auto; display: block;\" src=\"images\/Buecherei\/k-RIMG2416.JPG\" alt=\"\" width=\"270\" height=\"203\" \/><\/td>\n<\/tr>\n<tr style=\"height: 15px;\">\n<td style=\"width: 314px; height: 15px;\">\u00a0<\/td>\n<td style=\"width: 144px; height: 15px;\">\u00a0<\/td>\n<td style=\"width: 279px; height: 15px;\">\u00a0<\/td>\n<td style=\"width: 74.51px; height: 15px;\">\u00a0<\/td>\n<\/tr>\n<tr style=\"height: 133.61px;\">\n<td style=\"width: 314px; height: 133.61px; text-align: right;\">\u00a0\u00a0\u00a0\u00a0\u00a0\u00a0\u00a0\u00a0\u00a0\u00a0\u00a0\u00a0\u00a0\u00a0\u00a0\u00a0\u00a0\u00a0\u00a0\u00a0\u00a0\u00a0\u00a0\u00a0\u00a0<\/td>\n<td style=\"width: 144px; height: 133.61px; text-align: right;\">{loadmoduleid 112}\u00a0<\/td>\n<td style=\"width: 279px; height: 133.61px; text-align: left;\">\u00a0<\/td>\n<td style=\"width: 74.51px; height: 133.61px;\">\u00a0<\/td>\n<\/tr>\n<tr style=\"height: 15px;\">\n<td style=\"width: 314px; height: 15px;\">\u00a0<img decoding=\"async\" src=\"images\/Buecherei\/k-RIMG2418.JPG\" alt=\"\" width=\"290\" height=\"218\" \/><\/td>\n<td style=\"width: 144px; height: 15px;\">\u00a0<\/td>\n<td style=\"width: 353.51px; height: 15px; text-align: center;\" colspan=\"2\"><img loading=\"lazy\" decoding=\"async\" src=\"images\/Buecherei\/k-RIMG2419.JPG\" alt=\"\" width=\"268\" height=\"201\" \/>\u00a0\u00a0<\/td>\n<\/tr>\n<tr style=\"height: 15px;\">\n<td style=\"width: 314px; height: 15px;\">\u00a0<\/td>\n<td style=\"width: 144px; height: 15px;\">\u00a0<\/td>\n<td style=\"width: 279px; height: 15px;\">\u00a0<\/td>\n<td style=\"width: 74.51px; height: 15px;\">\u00a0<\/td>\n<\/tr>\n<tr style=\"height: 15px;\">\n<td style=\"width: 314px; height: 15px;\">\u00a0<\/td>\n<td style=\"width: 144px; height: 15px;\">\u00a0<\/td>\n<td style=\"width: 279px; height: 15px;\">\u00a0<\/td>\n<td style=\"width: 74.51px; height: 15px;\">\u00a0<\/td>\n<\/tr>\n<\/tbody>\n<\/table>\n","protected":false},"excerpt":{"rendered":"<p>Schulb\u00fccherei Die Sch\u00fclerb\u00fccherei wurde im letzten Jahr mit viel Engagement\u00a0umgestaltet und versch\u00f6nert. Nun gibt es mehrere gem\u00fctliche\u00a0Leseecken mit Teppichen und Kissen, die zum Lesen und Schm\u00f6kern einladen. Die B\u00fccher werden \u00fcbersichtlich und nach Sachgebieten sortiert pr\u00e4sentiert. Bilder und Poster versch\u00f6nern die W\u00e4nde und machen neugierig auf Klassiker wie Pippi Langstrumpf, die kleine Hexe oder die [&hellip;]<\/p>\n","protected":false},"author":1,"featured_media":0,"parent":0,"menu_order":37,"comment_status":"closed","ping_status":"closed","template":"","meta":{"ocean_post_layout":"","ocean_both_sidebars_style":"","ocean_both_sidebars_content_width":0,"ocean_both_sidebars_sidebars_width":0,"ocean_sidebar":"","ocean_second_sidebar":"","ocean_disable_margins":"enable","ocean_add_body_class":"","ocean_shortcode_before_top_bar":"","ocean_shortcode_after_top_bar":"","ocean_shortcode_before_header":"","ocean_shortcode_after_header":"","ocean_has_shortcode":"","ocean_shortcode_after_title":"","ocean_shortcode_before_footer_widgets":"","ocean_shortcode_after_footer_widgets":"","ocean_shortcode_before_footer_bottom":"","ocean_shortcode_after_footer_bottom":"","ocean_display_top_bar":"default","ocean_display_header":"default","ocean_header_style":"","ocean_center_header_left_menu":"","ocean_custom_header_template":"","ocean_custom_logo":0,"ocean_custom_retina_logo":0,"ocean_custom_logo_max_width":0,"ocean_custom_logo_tablet_max_width":0,"ocean_custom_logo_mobile_max_width":0,"ocean_custom_logo_max_height":0,"ocean_custom_logo_tablet_max_height":0,"ocean_custom_logo_mobile_max_height":0,"ocean_header_custom_menu":"","ocean_menu_typo_font_family":"","ocean_menu_typo_font_subset":"","ocean_menu_typo_font_size":0,"ocean_menu_typo_font_size_tablet":0,"ocean_menu_typo_font_size_mobile":0,"ocean_menu_typo_font_size_unit":"px","ocean_menu_typo_font_weight":"","ocean_menu_typo_font_weight_tablet":"","ocean_menu_typo_font_weight_mobile":"","ocean_menu_typo_transform":"","ocean_menu_typo_transform_tablet":"","ocean_menu_typo_transform_mobile":"","ocean_menu_typo_line_height":0,"ocean_menu_typo_line_height_tablet":0,"ocean_menu_typo_line_height_mobile":0,"ocean_menu_typo_line_height_unit":"","ocean_menu_typo_spacing":0,"ocean_menu_typo_spacing_tablet":0,"ocean_menu_typo_spacing_mobile":0,"ocean_menu_typo_spacing_unit":"","ocean_menu_link_color":"","ocean_menu_link_color_hover":"","ocean_menu_link_color_active":"","ocean_menu_link_background":"","ocean_menu_link_hover_background":"","ocean_menu_link_active_background":"","ocean_menu_social_links_bg":"","ocean_menu_social_hover_links_bg":"","ocean_menu_social_links_color":"","ocean_menu_social_hover_links_color":"","ocean_disable_title":"default","ocean_disable_heading":"default","ocean_post_title":"","ocean_post_subheading":"","ocean_post_title_style":"","ocean_post_title_background_color":"","ocean_post_title_background":0,"ocean_post_title_bg_image_position":"","ocean_post_title_bg_image_attachment":"","ocean_post_title_bg_image_repeat":"","ocean_post_title_bg_image_size":"","ocean_post_title_height":0,"ocean_post_title_bg_overlay":0.5,"ocean_post_title_bg_overlay_color":"","ocean_disable_breadcrumbs":"default","ocean_breadcrumbs_color":"","ocean_breadcrumbs_separator_color":"","ocean_breadcrumbs_links_color":"","ocean_breadcrumbs_links_hover_color":"","ocean_display_footer_widgets":"default","ocean_display_footer_bottom":"default","ocean_custom_footer_template":"","footnotes":""},"class_list":["post-26","page","type-page","status-publish","hentry","entry"],"_links":{"self":[{"href":"https:\/\/www.grundschule-humboldtstrasse.de\/index.php?rest_route=\/wp\/v2\/pages\/26","targetHints":{"allow":["GET"]}}],"collection":[{"href":"https:\/\/www.grundschule-humboldtstrasse.de\/index.php?rest_route=\/wp\/v2\/pages"}],"about":[{"href":"https:\/\/www.grundschule-humboldtstrasse.de\/index.php?rest_route=\/wp\/v2\/types\/page"}],"author":[{"embeddable":true,"href":"https:\/\/www.grundschule-humboldtstrasse.de\/index.php?rest_route=\/wp\/v2\/users\/1"}],"replies":[{"embeddable":true,"href":"https:\/\/www.grundschule-humboldtstrasse.de\/index.php?rest_route=%2Fwp%2Fv2%2Fcomments&post=26"}],"version-history":[{"count":0,"href":"https:\/\/www.grundschule-humboldtstrasse.de\/index.php?rest_route=\/wp\/v2\/pages\/26\/revisions"}],"wp:attachment":[{"href":"https:\/\/www.grundschule-humboldtstrasse.de\/index.php?rest_route=%2Fwp%2Fv2%2Fmedia&parent=26"}],"curies":[{"name":"wp","href":"https:\/\/api.w.org\/{rel}","templated":true}]}}