{"id":29,"date":"2018-05-07T14:53:29","date_gmt":"2018-05-07T12:53:29","guid":{"rendered":"http:\/\/www.grundschule-humboldtstrasse.de\/?page_id=29"},"modified":"2018-05-07T14:53:29","modified_gmt":"2018-05-07T12:53:29","slug":"projektwoche","status":"publish","type":"page","link":"https:\/\/www.grundschule-humboldtstrasse.de\/?page_id=29","title":{"rendered":"Projektwoche"},"content":{"rendered":"<table style=\"height: 5px;\" width=\"931\">\n<tbody>\n<tr>\n<td style=\"width: 921px;\"><span style=\"font-size: 12pt; text-decoration: underline;\"><span style=\"color: #ff6600; text-decoration: underline;\"><strong><span style=\"font-family: tahoma,arial,helvetica,sans-serif;\">Kunst-Projektwoche 2018<\/span><\/strong><\/span><\/span><\/td>\n<\/tr>\n<tr>\n<td style=\"width: 921px;\"><span style=\"font-family: tahoma,arial,helvetica,sans-serif;\">Unsere Projektwoche in diesem Jahr fand unter dem gro\u00dfen Begriff &#8222;Kunst&#8220; statt. <\/span><\/td>\n<\/tr>\n<tr>\n<td style=\"width: 921px;\"><span style=\"font-family: tahoma,arial,helvetica,sans-serif;\">Dazu geh\u00f6rt neben dem Malen die Besch\u00e4ftigung mit bestimmten K\u00fcnstlern wie Niki de St. Phalle oder Robert Delaunay.<\/span><\/td>\n<\/tr>\n<tr>\n<td style=\"width: 921px;\"><span style=\"font-family: Tahoma;\">Aber auch Laubs\u00e4gen, Faltarbeiten,\u00a0das Anfertigen von gro\u00dfformatigen Bildern oder Theater waren Themen in unserer Projektwoche.<\/span><\/td>\n<\/tr>\n<tr>\n<td style=\"width: 921px;\"><span style=\"font-family: Tahoma;\">Die Bilder sollen einen kleinen Eindruck von den tollen Arbeiten der Kinder geben:<\/span><\/td>\n<\/tr>\n<\/tbody>\n<\/table>\n<p>{loadmodule mod_djimageslider,Kunst-Projektwoche 2018}<\/p>\n","protected":false},"excerpt":{"rendered":"<p>Kunst-Projektwoche 2018 Unsere Projektwoche in diesem Jahr fand unter dem gro\u00dfen Begriff &#8222;Kunst&#8220; statt. Dazu geh\u00f6rt neben dem Malen die Besch\u00e4ftigung mit bestimmten K\u00fcnstlern wie Niki de St. Phalle oder Robert Delaunay. Aber auch Laubs\u00e4gen, Faltarbeiten,\u00a0das Anfertigen von gro\u00dfformatigen Bildern oder Theater waren Themen in unserer Projektwoche. Die Bilder sollen einen kleinen Eindruck von den [&hellip;]<\/p>\n","protected":false},"author":1,"featured_media":0,"parent":0,"menu_order":34,"comment_status":"closed","ping_status":"closed","template":"","meta":{"ocean_post_layout":"","ocean_both_sidebars_style":"","ocean_both_sidebars_content_width":0,"ocean_both_sidebars_sidebars_width":0,"ocean_sidebar":"","ocean_second_sidebar":"","ocean_disable_margins":"enable","ocean_add_body_class":"","ocean_shortcode_before_top_bar":"","ocean_shortcode_after_top_bar":"","ocean_shortcode_before_header":"","ocean_shortcode_after_header":"","ocean_has_shortcode":"","ocean_shortcode_after_title":"","ocean_shortcode_before_footer_widgets":"","ocean_shortcode_after_footer_widgets":"","ocean_shortcode_before_footer_bottom":"","ocean_shortcode_after_footer_bottom":"","ocean_display_top_bar":"default","ocean_display_header":"default","ocean_header_style":"","ocean_center_header_left_menu":"","ocean_custom_header_template":"","ocean_custom_logo":0,"ocean_custom_retina_logo":0,"ocean_custom_logo_max_width":0,"ocean_custom_logo_tablet_max_width":0,"ocean_custom_logo_mobile_max_width":0,"ocean_custom_logo_max_height":0,"ocean_custom_logo_tablet_max_height":0,"ocean_custom_logo_mobile_max_height":0,"ocean_header_custom_menu":"","ocean_menu_typo_font_family":"","ocean_menu_typo_font_subset":"","ocean_menu_typo_font_size":0,"ocean_menu_typo_font_size_tablet":0,"ocean_menu_typo_font_size_mobile":0,"ocean_menu_typo_font_size_unit":"px","ocean_menu_typo_font_weight":"","ocean_menu_typo_font_weight_tablet":"","ocean_menu_typo_font_weight_mobile":"","ocean_menu_typo_transform":"","ocean_menu_typo_transform_tablet":"","ocean_menu_typo_transform_mobile":"","ocean_menu_typo_line_height":0,"ocean_menu_typo_line_height_tablet":0,"ocean_menu_typo_line_height_mobile":0,"ocean_menu_typo_line_height_unit":"","ocean_menu_typo_spacing":0,"ocean_menu_typo_spacing_tablet":0,"ocean_menu_typo_spacing_mobile":0,"ocean_menu_typo_spacing_unit":"","ocean_menu_link_color":"","ocean_menu_link_color_hover":"","ocean_menu_link_color_active":"","ocean_menu_link_background":"","ocean_menu_link_hover_background":"","ocean_menu_link_active_background":"","ocean_menu_social_links_bg":"","ocean_menu_social_hover_links_bg":"","ocean_menu_social_links_color":"","ocean_menu_social_hover_links_color":"","ocean_disable_title":"default","ocean_disable_heading":"default","ocean_post_title":"","ocean_post_subheading":"","ocean_post_title_style":"","ocean_post_title_background_color":"","ocean_post_title_background":0,"ocean_post_title_bg_image_position":"","ocean_post_title_bg_image_attachment":"","ocean_post_title_bg_image_repeat":"","ocean_post_title_bg_image_size":"","ocean_post_title_height":0,"ocean_post_title_bg_overlay":0.5,"ocean_post_title_bg_overlay_color":"","ocean_disable_breadcrumbs":"default","ocean_breadcrumbs_color":"","ocean_breadcrumbs_separator_color":"","ocean_breadcrumbs_links_color":"","ocean_breadcrumbs_links_hover_color":"","ocean_display_footer_widgets":"default","ocean_display_footer_bottom":"default","ocean_custom_footer_template":"","footnotes":""},"class_list":["post-29","page","type-page","status-publish","hentry","entry"],"_links":{"self":[{"href":"https:\/\/www.grundschule-humboldtstrasse.de\/index.php?rest_route=\/wp\/v2\/pages\/29","targetHints":{"allow":["GET"]}}],"collection":[{"href":"https:\/\/www.grundschule-humboldtstrasse.de\/index.php?rest_route=\/wp\/v2\/pages"}],"about":[{"href":"https:\/\/www.grundschule-humboldtstrasse.de\/index.php?rest_route=\/wp\/v2\/types\/page"}],"author":[{"embeddable":true,"href":"https:\/\/www.grundschule-humboldtstrasse.de\/index.php?rest_route=\/wp\/v2\/users\/1"}],"replies":[{"embeddable":true,"href":"https:\/\/www.grundschule-humboldtstrasse.de\/index.php?rest_route=%2Fwp%2Fv2%2Fcomments&post=29"}],"version-history":[{"count":0,"href":"https:\/\/www.grundschule-humboldtstrasse.de\/index.php?rest_route=\/wp\/v2\/pages\/29\/revisions"}],"wp:attachment":[{"href":"https:\/\/www.grundschule-humboldtstrasse.de\/index.php?rest_route=%2Fwp%2Fv2%2Fmedia&parent=29"}],"curies":[{"name":"wp","href":"https:\/\/api.w.org\/{rel}","templated":true}]}}