{"id":30,"date":"2018-05-07T14:54:14","date_gmt":"2018-05-07T12:54:14","guid":{"rendered":"http:\/\/www.grundschule-humboldtstrasse.de\/?page_id=30"},"modified":"2018-05-07T14:54:14","modified_gmt":"2018-05-07T12:54:14","slug":"google-maps","status":"publish","type":"page","link":"https:\/\/www.grundschule-humboldtstrasse.de\/?page_id=30","title":{"rendered":"Google Maps"},"content":{"rendered":"<table style=\"height: 7px;\" width=\"946\">\n<tbody>\n<tr>\n<td style=\"width: 936px;\">\u00a0<\/td>\n<\/tr>\n<tr>\n<td style=\"width: 936px;\"><span style=\"font-family: tahoma,arial,helvetica,sans-serif;\">Die GGS Humboldtstra\u00dfe\u00a0finden Sie auf der Humboldtstr.8 im Duisburger <strong>Stadtteil Hamborn<\/strong> (PLZ 47166).<\/span><\/td>\n<\/tr>\n<tr>\n<td style=\"width: 936px;\">\u00a0<\/td>\n<\/tr>\n<tr>\n<td style=\"width: 936px;\"><span style=\"font-family: tahoma,arial,helvetica,sans-serif;\">In der N\u00e4he befindet sich die Haltestelle &#8222;Hamborn Feuerwache&#8220; (Duisburger Stra\u00dfe).<\/span><\/td>\n<\/tr>\n<tr>\n<td style=\"width: 936px;\"><span style=\"font-family: tahoma,arial,helvetica,sans-serif;\">Die Haltestelle ist mit der Stra\u00dfenbahn-Linie 903 oder mit dem Bus der Linie 935 erreichbar.<\/span><\/td>\n<\/tr>\n<tr>\n<td style=\"width: 936px;\"><span style=\"font-family: tahoma,arial,helvetica,sans-serif;\">Von dort aus sind es zu Fu\u00df nur wenige Minuten bis zur GGS Humboldtstra\u00dfe.<\/span><\/td>\n<\/tr>\n<tr>\n<td style=\"width: 936px;\">\u00a0<\/td>\n<\/tr>\n<tr>\n<td style=\"width: 936px;\"><span style=\"font-family: tahoma,arial,helvetica,sans-serif;\">Zur\u00a0besseren Orientierung:<\/span><\/td>\n<\/tr>\n<\/tbody>\n<\/table>\n<p style=\"text-align: left;\">\u00a0\u00a0\u00a0\u00a0\u00a0\u00a0\u00a0\u00a0\u00a0\u00a0\u00a0\u00a0\u00a0\u00a0\u00a0\u00a0\u00a0\u00a0\u00a0\u00a0\u00a0\u00a0\u00a0\u00a0\u00a0\u00a0\u00a0\u00a0\u00a0\u00a0\u00a0\u00a0\u00a0 {loadmodule mod_custom,Anfahrt Modul}<\/p>\n","protected":false},"excerpt":{"rendered":"<p>\u00a0 Die GGS Humboldtstra\u00dfe\u00a0finden Sie auf der Humboldtstr.8 im Duisburger Stadtteil Hamborn (PLZ 47166). \u00a0 In der N\u00e4he befindet sich die Haltestelle &#8222;Hamborn Feuerwache&#8220; (Duisburger Stra\u00dfe). Die Haltestelle ist mit der Stra\u00dfenbahn-Linie 903 oder mit dem Bus der Linie 935 erreichbar. Von dort aus sind es zu Fu\u00df nur wenige Minuten bis zur GGS Humboldtstra\u00dfe. [&hellip;]<\/p>\n","protected":false},"author":1,"featured_media":0,"parent":0,"menu_order":33,"comment_status":"closed","ping_status":"closed","template":"","meta":{"ocean_post_layout":"","ocean_both_sidebars_style":"","ocean_both_sidebars_content_width":0,"ocean_both_sidebars_sidebars_width":0,"ocean_sidebar":"","ocean_second_sidebar":"","ocean_disable_margins":"enable","ocean_add_body_class":"","ocean_shortcode_before_top_bar":"","ocean_shortcode_after_top_bar":"","ocean_shortcode_before_header":"","ocean_shortcode_after_header":"","ocean_has_shortcode":"","ocean_shortcode_after_title":"","ocean_shortcode_before_footer_widgets":"","ocean_shortcode_after_footer_widgets":"","ocean_shortcode_before_footer_bottom":"","ocean_shortcode_after_footer_bottom":"","ocean_display_top_bar":"default","ocean_display_header":"default","ocean_header_style":"","ocean_center_header_left_menu":"","ocean_custom_header_template":"","ocean_custom_logo":0,"ocean_custom_retina_logo":0,"ocean_custom_logo_max_width":0,"ocean_custom_logo_tablet_max_width":0,"ocean_custom_logo_mobile_max_width":0,"ocean_custom_logo_max_height":0,"ocean_custom_logo_tablet_max_height":0,"ocean_custom_logo_mobile_max_height":0,"ocean_header_custom_menu":"","ocean_menu_typo_font_family":"","ocean_menu_typo_font_subset":"","ocean_menu_typo_font_size":0,"ocean_menu_typo_font_size_tablet":0,"ocean_menu_typo_font_size_mobile":0,"ocean_menu_typo_font_size_unit":"px","ocean_menu_typo_font_weight":"","ocean_menu_typo_font_weight_tablet":"","ocean_menu_typo_font_weight_mobile":"","ocean_menu_typo_transform":"","ocean_menu_typo_transform_tablet":"","ocean_menu_typo_transform_mobile":"","ocean_menu_typo_line_height":0,"ocean_menu_typo_line_height_tablet":0,"ocean_menu_typo_line_height_mobile":0,"ocean_menu_typo_line_height_unit":"","ocean_menu_typo_spacing":0,"ocean_menu_typo_spacing_tablet":0,"ocean_menu_typo_spacing_mobile":0,"ocean_menu_typo_spacing_unit":"","ocean_menu_link_color":"","ocean_menu_link_color_hover":"","ocean_menu_link_color_active":"","ocean_menu_link_background":"","ocean_menu_link_hover_background":"","ocean_menu_link_active_background":"","ocean_menu_social_links_bg":"","ocean_menu_social_hover_links_bg":"","ocean_menu_social_links_color":"","ocean_menu_social_hover_links_color":"","ocean_disable_title":"default","ocean_disable_heading":"default","ocean_post_title":"","ocean_post_subheading":"","ocean_post_title_style":"","ocean_post_title_background_color":"","ocean_post_title_background":0,"ocean_post_title_bg_image_position":"","ocean_post_title_bg_image_attachment":"","ocean_post_title_bg_image_repeat":"","ocean_post_title_bg_image_size":"","ocean_post_title_height":0,"ocean_post_title_bg_overlay":0.5,"ocean_post_title_bg_overlay_color":"","ocean_disable_breadcrumbs":"default","ocean_breadcrumbs_color":"","ocean_breadcrumbs_separator_color":"","ocean_breadcrumbs_links_color":"","ocean_breadcrumbs_links_hover_color":"","ocean_display_footer_widgets":"default","ocean_display_footer_bottom":"default","ocean_custom_footer_template":"","footnotes":""},"class_list":["post-30","page","type-page","status-publish","hentry","entry"],"_links":{"self":[{"href":"https:\/\/www.grundschule-humboldtstrasse.de\/index.php?rest_route=\/wp\/v2\/pages\/30","targetHints":{"allow":["GET"]}}],"collection":[{"href":"https:\/\/www.grundschule-humboldtstrasse.de\/index.php?rest_route=\/wp\/v2\/pages"}],"about":[{"href":"https:\/\/www.grundschule-humboldtstrasse.de\/index.php?rest_route=\/wp\/v2\/types\/page"}],"author":[{"embeddable":true,"href":"https:\/\/www.grundschule-humboldtstrasse.de\/index.php?rest_route=\/wp\/v2\/users\/1"}],"replies":[{"embeddable":true,"href":"https:\/\/www.grundschule-humboldtstrasse.de\/index.php?rest_route=%2Fwp%2Fv2%2Fcomments&post=30"}],"version-history":[{"count":1,"href":"https:\/\/www.grundschule-humboldtstrasse.de\/index.php?rest_route=\/wp\/v2\/pages\/30\/revisions"}],"predecessor-version":[{"id":438,"href":"https:\/\/www.grundschule-humboldtstrasse.de\/index.php?rest_route=\/wp\/v2\/pages\/30\/revisions\/438"}],"wp:attachment":[{"href":"https:\/\/www.grundschule-humboldtstrasse.de\/index.php?rest_route=%2Fwp%2Fv2%2Fmedia&parent=30"}],"curies":[{"name":"wp","href":"https:\/\/api.w.org\/{rel}","templated":true}]}}