{"id":3476,"date":"2026-01-16T11:49:35","date_gmt":"2026-01-16T10:49:35","guid":{"rendered":"https:\/\/www.grundschule-humboldtstrasse.de\/?page_id=3476"},"modified":"2026-01-16T11:52:34","modified_gmt":"2026-01-16T10:52:34","slug":"schulsozialarbeit-2","status":"publish","type":"page","link":"https:\/\/www.grundschule-humboldtstrasse.de\/?page_id=3476","title":{"rendered":"Schulsozialarbeit"},"content":{"rendered":"\t\t<div data-elementor-type=\"wp-page\" data-elementor-id=\"3476\" class=\"elementor elementor-3476\">\n\t\t\t\t<div class=\"elementor-element elementor-element-5184b22 e-flex e-con-boxed e-con e-parent\" data-id=\"5184b22\" data-element_type=\"container\" data-e-type=\"container\">\n\t\t\t\t\t<div class=\"e-con-inner\">\n\t\t\t\t<div class=\"elementor-element elementor-element-749636d elementor-widget elementor-widget-heading\" data-id=\"749636d\" data-element_type=\"widget\" data-e-type=\"widget\" data-widget_type=\"heading.default\">\n\t\t\t\t<div class=\"elementor-widget-container\">\n\t\t\t\t\t<h1 class=\"elementor-heading-title elementor-size-default\">\n Schulsozialarbeit an unserer Schule\n\n<\/h1>\t\t\t\t<\/div>\n\t\t\t\t<\/div>\n\t\t\t\t\t<\/div>\n\t\t\t\t<\/div>\n\t\t<div class=\"elementor-element elementor-element-5eadc85 e-flex e-con-boxed e-con e-parent\" data-id=\"5eadc85\" data-element_type=\"container\" data-e-type=\"container\">\n\t\t\t\t\t<div class=\"e-con-inner\">\n\t\t\t\t<div class=\"elementor-element elementor-element-85bd5c5 elementor-widget elementor-widget-text-editor\" data-id=\"85bd5c5\" data-element_type=\"widget\" data-e-type=\"widget\" data-widget_type=\"text-editor.default\">\n\t\t\t\t<div class=\"elementor-widget-container\">\n\t\t\t\t\t\t\t\t\t<p>Hallo,<br \/>mein Name ist <strong>Eleni Antoniadou<\/strong> und ich bin die <strong>Schulsozialarbeiterin an der GGS Humboldtstra\u00dfe in Duisburg<\/strong>.<br \/>Ich bin <strong>\u00fcber die AWO-Integration<\/strong> an der Schule eingesetzt und freue mich sehr, Teil dieser Schulgemeinschaft zu sein und f\u00fcr euch da zu sein.<\/p><p><strong>Was ist Schulsozialarbeit?<\/strong><\/p><p>Schulsozialarbeit bedeutet: <strong>Ich bin da, wenn jemand Hilfe, Unterst\u00fctzung oder einfach ein offenes Ohr braucht.<\/strong><br \/>Ich unterst\u00fctze <strong>Kinder und Eltern<\/strong>, wenn es im Schulalltag oder zu Hause einmal schwierig wird.<\/p><p><strong>Kinder<\/strong> k\u00f6nnen zu mir kommen, wenn sie zum Beispiel:<\/p><ul><li>Streit mit Freundinnen oder Freunden haben,<\/li><li>Sorgen in der Familie oder in der Schule haben,<\/li><li>oder einfach jemanden zum Reden brauchen.<\/li><\/ul><p>Auch <strong>Eltern<\/strong> k\u00f6nnen sich jederzeit gerne an mich wenden, wenn sie Fragen, Sorgen oder Anliegen rund um ihr Kind oder die Schule haben. Gerne helfe ich Ihnen auch bei Ihren Antr\u00e4gen zu Bildung und Teilhabe.<\/p><p><strong>Mein Ziel<\/strong><\/p><p>Mein Ziel ist es, dass sich <strong>alle Kinder an unserer Schule wohlf\u00fchlen und gerne hier sind<\/strong>.<br \/>Dazu geh\u00f6ren ein gutes Miteinander, gegenseitiger Respekt und Unterst\u00fctzung, wenn es einmal nicht so gut l\u00e4uft.<\/p><p><strong>So erreicht ihr mich<\/strong><\/p><p>Ich bin <strong>montags bis freitags von 8:15 bis 15:45 Uhr<\/strong> in der Schule erreichbar.<br \/>Gerne k\u00f6nnt ihr mich pers\u00f6nlich <strong>ansprechen<\/strong>,<strong> anrufen<\/strong> oder mir eine <strong>E-Mail schreiben<\/strong>, um einen Termin zu vereinbaren.<\/p><ul><li><strong>Raum:<\/strong> 31a<\/li><li><strong>Telefon:<\/strong> 0172 7951489<\/li><li><strong>E-Mail:<\/strong> <a href=\"mailto:antoniadou@awo-integration.de\">antoniadou@awo-integration.de<\/a><\/li><\/ul><p><strong>Vertraulichkeit<\/strong><\/p><p>Alles, was wir besprechen, <strong>bleibt vertraulich<\/strong>.<br \/>Ich gebe nichts weiter, wenn du oder Sie das nicht m\u00f6chten.<\/p>\t\t\t\t\t\t\t\t<\/div>\n\t\t\t\t<\/div>\n\t\t\t\t\t<\/div>\n\t\t\t\t<\/div>\n\t\t\t\t<\/div>\n\t\t","protected":false},"excerpt":{"rendered":"<p>Schulsozialarbeit an unserer Schule Hallo,mein Name ist Eleni Antoniadou und ich bin die Schulsozialarbeiterin an der GGS Humboldtstra\u00dfe in Duisburg.Ich bin \u00fcber die AWO-Integration an der Schule eingesetzt und freue mich sehr, Teil dieser Schulgemeinschaft zu sein und f\u00fcr euch da zu sein. Was ist Schulsozialarbeit? Schulsozialarbeit bedeutet: Ich bin da, wenn jemand Hilfe, Unterst\u00fctzung [&hellip;]<\/p>\n","protected":false},"author":1,"featured_media":0,"parent":0,"menu_order":0,"comment_status":"closed","ping_status":"closed","template":"","meta":{"ocean_post_layout":"","ocean_both_sidebars_style":"","ocean_both_sidebars_content_width":0,"ocean_both_sidebars_sidebars_width":0,"ocean_sidebar":"","ocean_second_sidebar":"","ocean_disable_margins":"enable","ocean_add_body_class":"","ocean_shortcode_before_top_bar":"","ocean_shortcode_after_top_bar":"","ocean_shortcode_before_header":"","ocean_shortcode_after_header":"","ocean_has_shortcode":"","ocean_shortcode_after_title":"","ocean_shortcode_before_footer_widgets":"","ocean_shortcode_after_footer_widgets":"","ocean_shortcode_before_footer_bottom":"","ocean_shortcode_after_footer_bottom":"","ocean_display_top_bar":"default","ocean_display_header":"default","ocean_header_style":"","ocean_center_header_left_menu":"","ocean_custom_header_template":"","ocean_custom_logo":0,"ocean_custom_retina_logo":0,"ocean_custom_logo_max_width":0,"ocean_custom_logo_tablet_max_width":0,"ocean_custom_logo_mobile_max_width":0,"ocean_custom_logo_max_height":0,"ocean_custom_logo_tablet_max_height":0,"ocean_custom_logo_mobile_max_height":0,"ocean_header_custom_menu":"","ocean_menu_typo_font_family":"","ocean_menu_typo_font_subset":"","ocean_menu_typo_font_size":0,"ocean_menu_typo_font_size_tablet":0,"ocean_menu_typo_font_size_mobile":0,"ocean_menu_typo_font_size_unit":"px","ocean_menu_typo_font_weight":"","ocean_menu_typo_font_weight_tablet":"","ocean_menu_typo_font_weight_mobile":"","ocean_menu_typo_transform":"","ocean_menu_typo_transform_tablet":"","ocean_menu_typo_transform_mobile":"","ocean_menu_typo_line_height":0,"ocean_menu_typo_line_height_tablet":0,"ocean_menu_typo_line_height_mobile":0,"ocean_menu_typo_line_height_unit":"","ocean_menu_typo_spacing":0,"ocean_menu_typo_spacing_tablet":0,"ocean_menu_typo_spacing_mobile":0,"ocean_menu_typo_spacing_unit":"","ocean_menu_link_color":"","ocean_menu_link_color_hover":"","ocean_menu_link_color_active":"","ocean_menu_link_background":"","ocean_menu_link_hover_background":"","ocean_menu_link_active_background":"","ocean_menu_social_links_bg":"","ocean_menu_social_hover_links_bg":"","ocean_menu_social_links_color":"","ocean_menu_social_hover_links_color":"","ocean_disable_title":"default","ocean_disable_heading":"default","ocean_post_title":"","ocean_post_subheading":"","ocean_post_title_style":"","ocean_post_title_background_color":"","ocean_post_title_background":0,"ocean_post_title_bg_image_position":"","ocean_post_title_bg_image_attachment":"","ocean_post_title_bg_image_repeat":"","ocean_post_title_bg_image_size":"","ocean_post_title_height":0,"ocean_post_title_bg_overlay":0.5,"ocean_post_title_bg_overlay_color":"","ocean_disable_breadcrumbs":"default","ocean_breadcrumbs_color":"","ocean_breadcrumbs_separator_color":"","ocean_breadcrumbs_links_color":"","ocean_breadcrumbs_links_hover_color":"","ocean_display_footer_widgets":"default","ocean_display_footer_bottom":"default","ocean_custom_footer_template":"","footnotes":""},"class_list":["post-3476","page","type-page","status-publish","hentry","entry"],"_links":{"self":[{"href":"https:\/\/www.grundschule-humboldtstrasse.de\/index.php?rest_route=\/wp\/v2\/pages\/3476","targetHints":{"allow":["GET"]}}],"collection":[{"href":"https:\/\/www.grundschule-humboldtstrasse.de\/index.php?rest_route=\/wp\/v2\/pages"}],"about":[{"href":"https:\/\/www.grundschule-humboldtstrasse.de\/index.php?rest_route=\/wp\/v2\/types\/page"}],"author":[{"embeddable":true,"href":"https:\/\/www.grundschule-humboldtstrasse.de\/index.php?rest_route=\/wp\/v2\/users\/1"}],"replies":[{"embeddable":true,"href":"https:\/\/www.grundschule-humboldtstrasse.de\/index.php?rest_route=%2Fwp%2Fv2%2Fcomments&post=3476"}],"version-history":[{"count":4,"href":"https:\/\/www.grundschule-humboldtstrasse.de\/index.php?rest_route=\/wp\/v2\/pages\/3476\/revisions"}],"predecessor-version":[{"id":3480,"href":"https:\/\/www.grundschule-humboldtstrasse.de\/index.php?rest_route=\/wp\/v2\/pages\/3476\/revisions\/3480"}],"wp:attachment":[{"href":"https:\/\/www.grundschule-humboldtstrasse.de\/index.php?rest_route=%2Fwp%2Fv2%2Fmedia&parent=3476"}],"curies":[{"name":"wp","href":"https:\/\/api.w.org\/{rel}","templated":true}]}}