{"id":6,"date":"2018-05-07T14:27:24","date_gmt":"2018-05-07T12:27:24","guid":{"rendered":"http:\/\/www.grundschule-humboldtstrasse.de\/?page_id=6"},"modified":"2025-09-08T10:59:15","modified_gmt":"2025-09-08T08:59:15","slug":"team-kollegium","status":"publish","type":"page","link":"https:\/\/www.grundschule-humboldtstrasse.de\/?page_id=6","title":{"rendered":"Team | Kollegium"},"content":{"rendered":"\t\t<div data-elementor-type=\"wp-page\" data-elementor-id=\"6\" class=\"elementor elementor-6\">\n\t\t\t\t<div class=\"elementor-element elementor-element-c9b9f7e e-flex e-con-boxed e-con e-parent\" data-id=\"c9b9f7e\" data-element_type=\"container\" data-e-type=\"container\">\n\t\t\t\t\t<div class=\"e-con-inner\">\n\t\t\t\t<div class=\"elementor-element elementor-element-4b04349 elementor-widget elementor-widget-heading\" data-id=\"4b04349\" data-element_type=\"widget\" data-e-type=\"widget\" data-widget_type=\"heading.default\">\n\t\t\t\t<div class=\"elementor-widget-container\">\n\t\t\t\t\t<h2 class=\"elementor-heading-title elementor-size-default\">Das Team<\/h2>\t\t\t\t<\/div>\n\t\t\t\t<\/div>\n\t\t\t\t\t<\/div>\n\t\t\t\t<\/div>\n\t\t<div class=\"elementor-element elementor-element-b448ef1 e-flex e-con-boxed e-con e-parent\" data-id=\"b448ef1\" data-element_type=\"container\" data-e-type=\"container\">\n\t\t\t\t\t<div class=\"e-con-inner\">\n\t\t<div class=\"elementor-element elementor-element-6a12700 e-con-full e-flex e-con e-child\" data-id=\"6a12700\" data-element_type=\"container\" data-e-type=\"container\">\n\t\t\t\t<div class=\"elementor-element elementor-element-7a37f9f elementor-widget__width-initial elementor-widget elementor-widget-text-editor\" data-id=\"7a37f9f\" data-element_type=\"widget\" data-e-type=\"widget\" data-widget_type=\"text-editor.default\">\n\t\t\t\t<div class=\"elementor-widget-container\">\n\t\t\t\t\t\t\t\t\t<p>Fr. Albach<br \/>Fr. Ammann<br \/>Hr. Bakir<br \/>Fr. Baumbach<br \/>Fr. Boz<br \/>Fr. Celik<br \/>Fr. Dux<br \/>Hr. Emde<br \/>Hr. Emre<br \/>Fr. Er<br \/>Fr. Gr\u00e4ber<br \/>Fr. Grupe<br \/>Fr. Hengster<br \/>Fr. Hindenburg<br \/>Fr. Oberl\u00e4nder<br \/>Fr. Oduncu<br \/>Fr. Organ<br \/>Fr. Otto<br \/>Hr. Peters<br \/>Fr. Schr\u00f6der<br \/>Fr. Wegner<br \/>Fr. Zahn<\/p>\t\t\t\t\t\t\t\t<\/div>\n\t\t\t\t<\/div>\n\t\t\t\t<\/div>\n\t\t<div class=\"elementor-element elementor-element-f067eee e-con-full e-flex e-con e-child\" data-id=\"f067eee\" data-element_type=\"container\" data-e-type=\"container\">\n\t\t\t\t<div class=\"elementor-element elementor-element-6cb0d57 elementor-widget elementor-widget-image\" data-id=\"6cb0d57\" data-element_type=\"widget\" data-e-type=\"widget\" data-widget_type=\"image.default\">\n\t\t\t\t<div class=\"elementor-widget-container\">\n\t\t\t\t\t\t\t\t\t\t\t\t<figure class=\"wp-caption\">\n\t\t\t\t\t\t\t\t\t\t\t<a href=\"http:\/\/www.grundschule-humboldtstrasse.de\/wp-content\/uploads\/2025\/08\/DSC_0420-scaled.jpg\" data-elementor-open-lightbox=\"yes\" data-elementor-lightbox-title=\"DSC_0420\" data-e-action-hash=\"#elementor-action%3Aaction%3Dlightbox%26settings%3DeyJpZCI6MzE0NCwidXJsIjoiaHR0cHM6XC9cL3d3dy5ncnVuZHNjaHVsZS1odW1ib2xkdHN0cmFzc2UuZGVcL3dwLWNvbnRlbnRcL3VwbG9hZHNcLzIwMjVcLzA4XC9EU0NfMDQyMC1zY2FsZWQuanBnIn0%3D\">\n\t\t\t\t\t\t\t<img fetchpriority=\"high\" decoding=\"async\" width=\"1024\" height=\"683\" src=\"https:\/\/www.grundschule-humboldtstrasse.de\/wp-content\/uploads\/2025\/08\/DSC_0420-1024x683.jpg\" class=\"attachment-large size-large wp-image-3144\" alt=\"\" srcset=\"https:\/\/www.grundschule-humboldtstrasse.de\/wp-content\/uploads\/2025\/08\/DSC_0420-1024x683.jpg 1024w, https:\/\/www.grundschule-humboldtstrasse.de\/wp-content\/uploads\/2025\/08\/DSC_0420-300x200.jpg 300w, https:\/\/www.grundschule-humboldtstrasse.de\/wp-content\/uploads\/2025\/08\/DSC_0420-768x512.jpg 768w, https:\/\/www.grundschule-humboldtstrasse.de\/wp-content\/uploads\/2025\/08\/DSC_0420-1536x1024.jpg 1536w, https:\/\/www.grundschule-humboldtstrasse.de\/wp-content\/uploads\/2025\/08\/DSC_0420-2048x1365.jpg 2048w\" sizes=\"(max-width: 1024px) 100vw, 1024px\" \/>\t\t\t\t\t\t\t\t<\/a>\n\t\t\t\t\t\t\t\t\t\t\t<figcaption class=\"widget-image-caption wp-caption-text\">Kollegium<\/figcaption>\n\t\t\t\t\t\t\t\t\t\t<\/figure>\n\t\t\t\t\t\t\t\t\t<\/div>\n\t\t\t\t<\/div>\n\t\t\t\t<\/div>\n\t\t\t\t\t<\/div>\n\t\t\t\t<\/div>\n\t\t<div class=\"elementor-element elementor-element-83acb81 e-flex e-con-boxed e-con e-parent\" data-id=\"83acb81\" data-element_type=\"container\" data-e-type=\"container\">\n\t\t\t\t\t<div class=\"e-con-inner\">\n\t\t<div class=\"elementor-element elementor-element-b13d847 e-con-full e-flex e-con e-child\" data-id=\"b13d847\" data-element_type=\"container\" data-e-type=\"container\">\n\t\t\t\t<div class=\"elementor-element elementor-element-428f764 elementor-widget elementor-widget-heading\" data-id=\"428f764\" data-element_type=\"widget\" data-e-type=\"widget\" data-widget_type=\"heading.default\">\n\t\t\t\t<div class=\"elementor-widget-container\">\n\t\t\t\t\t<h2 class=\"elementor-heading-title elementor-size-default\">Weitere Mitarbeiter<\/h2>\t\t\t\t<\/div>\n\t\t\t\t<\/div>\n\t\t\t\t<\/div>\n\t\t\t\t\t<\/div>\n\t\t\t\t<\/div>\n\t\t<div class=\"elementor-element elementor-element-aee9af5 e-flex e-con-boxed e-con e-parent\" data-id=\"aee9af5\" data-element_type=\"container\" data-e-type=\"container\">\n\t\t\t\t\t<div class=\"e-con-inner\">\n\t\t\t\t<div class=\"elementor-element elementor-element-6513e49 elementor-widget__width-initial elementor-widget elementor-widget-text-editor\" data-id=\"6513e49\" data-element_type=\"widget\" data-e-type=\"widget\" data-widget_type=\"text-editor.default\">\n\t\t\t\t<div class=\"elementor-widget-container\">\n\t\t\t\t\t\t\t\t\t<h6>Fr. Antoniadou<br \/>Fr. Uthmann<br \/>Hr. Mink<br \/>Fr. Wienke<br \/>Hr. Weste<br \/>Hr. Kr\u00fcger<\/h6>\t\t\t\t\t\t\t\t<\/div>\n\t\t\t\t<\/div>\n\t\t\t\t<div class=\"elementor-element elementor-element-709c66b elementor-widget__width-initial elementor-widget elementor-widget-text-editor\" data-id=\"709c66b\" data-element_type=\"widget\" data-e-type=\"widget\" data-widget_type=\"text-editor.default\">\n\t\t\t\t<div class=\"elementor-widget-container\">\n\t\t\t\t\t\t\t\t\t<h6>Schulsozialarbeit<br \/>Sozialp\u00e4dagogische Fachkraft<br \/>Sozialp\u00e4dagogische Fachkraft<br \/>Sekret\u00e4rin<br \/>Schulverwaltungsassistent<br \/>Hausmeister<\/h6>\t\t\t\t\t\t\t\t<\/div>\n\t\t\t\t<\/div>\n\t\t<div class=\"elementor-element elementor-element-8c3591b e-con-full e-flex e-con e-child\" data-id=\"8c3591b\" data-element_type=\"container\" data-e-type=\"container\">\n\t\t\t\t<\/div>\n\t\t\t\t\t<\/div>\n\t\t\t\t<\/div>\n\t\t<div class=\"elementor-element elementor-element-4699317 e-flex e-con-boxed e-con e-parent\" data-id=\"4699317\" data-element_type=\"container\" data-e-type=\"container\">\n\t\t\t\t\t<div class=\"e-con-inner\">\n\t\t\t\t<div class=\"elementor-element elementor-element-c8f85e3 elementor-widget elementor-widget-heading\" data-id=\"c8f85e3\" data-element_type=\"widget\" data-e-type=\"widget\" data-widget_type=\"heading.default\">\n\t\t\t\t<div class=\"elementor-widget-container\">\n\t\t\t\t\t<h2 class=\"elementor-heading-title elementor-size-default\">Team Offener Ganztag<\/h2>\t\t\t\t<\/div>\n\t\t\t\t<\/div>\n\t\t\t\t\t<\/div>\n\t\t\t\t<\/div>\n\t\t<div class=\"elementor-element elementor-element-3cddb0c e-flex e-con-boxed e-con e-parent\" data-id=\"3cddb0c\" data-element_type=\"container\" data-e-type=\"container\">\n\t\t\t\t\t<div class=\"e-con-inner\">\n\t\t<div class=\"elementor-element elementor-element-ebbe1e3 e-con-full e-flex e-con e-child\" data-id=\"ebbe1e3\" data-element_type=\"container\" data-e-type=\"container\">\n\t\t\t\t<div class=\"elementor-element elementor-element-e343eac elementor-widget elementor-widget-text-editor\" data-id=\"e343eac\" data-element_type=\"widget\" data-e-type=\"widget\" data-widget_type=\"text-editor.default\">\n\t\t\t\t<div class=\"elementor-widget-container\">\n\t\t\t\t\t\t\t\t\t<h6>Fr. Kokili<br \/>Fr. Balkan<br \/>Fr. Heisel<br \/>Fr. Kahraman<br \/>Fr. Karademir<br \/>Fr. Rieger<br \/>Fr. Trey<br \/>Fr. Yalcinkaya<\/h6>\t\t\t\t\t\t\t\t<\/div>\n\t\t\t\t<\/div>\n\t\t\t\t<\/div>\n\t\t<div class=\"elementor-element elementor-element-94fe948 e-con-full e-flex e-con e-child\" data-id=\"94fe948\" data-element_type=\"container\" data-e-type=\"container\">\n\t\t\t\t<\/div>\n\t\t<div class=\"elementor-element elementor-element-924933d e-flex e-con-boxed e-con e-child\" data-id=\"924933d\" data-element_type=\"container\" data-e-type=\"container\">\n\t\t\t\t\t<div class=\"e-con-inner\">\n\t\t\t\t\t<\/div>\n\t\t\t\t<\/div>\n\t\t\t\t\t<\/div>\n\t\t\t\t<\/div>\n\t\t<div class=\"elementor-element elementor-element-0a74dac e-flex e-con-boxed e-con e-parent\" data-id=\"0a74dac\" data-element_type=\"container\" data-e-type=\"container\">\n\t\t\t\t\t<div class=\"e-con-inner\">\n\t\t\t\t<div class=\"elementor-element elementor-element-93e17ac elementor-widget elementor-widget-heading\" data-id=\"93e17ac\" data-element_type=\"widget\" data-e-type=\"widget\" data-widget_type=\"heading.default\">\n\t\t\t\t<div class=\"elementor-widget-container\">\n\t\t\t\t\t<h2 class=\"elementor-heading-title elementor-size-default\">Brotzeit-Team<\/h2>\t\t\t\t<\/div>\n\t\t\t\t<\/div>\n\t\t\t\t\t<\/div>\n\t\t\t\t<\/div>\n\t\t<div class=\"elementor-element elementor-element-e49170b e-flex e-con-boxed e-con e-parent\" data-id=\"e49170b\" data-element_type=\"container\" data-e-type=\"container\">\n\t\t\t\t\t<div class=\"e-con-inner\">\n\t\t<div class=\"elementor-element elementor-element-b95e0e5 e-con-full e-flex e-con e-child\" data-id=\"b95e0e5\" data-element_type=\"container\" data-e-type=\"container\">\n\t\t\t\t<div class=\"elementor-element elementor-element-13bab09 elementor-widget elementor-widget-text-editor\" data-id=\"13bab09\" data-element_type=\"widget\" data-e-type=\"widget\" data-widget_type=\"text-editor.default\">\n\t\t\t\t<div class=\"elementor-widget-container\">\n\t\t\t\t\t\t\t\t\t<h6>Fr. Holland<br \/>Fr. Ingenfeld<br \/>Fr. Stalberg<\/h6>\t\t\t\t\t\t\t\t<\/div>\n\t\t\t\t<\/div>\n\t\t\t\t<\/div>\n\t\t<div class=\"elementor-element elementor-element-92d0d7a e-flex e-con-boxed e-con e-child\" data-id=\"92d0d7a\" data-element_type=\"container\" data-e-type=\"container\">\n\t\t\t\t\t<div class=\"e-con-inner\">\n\t\t\t\t\t<\/div>\n\t\t\t\t<\/div>\n\t\t\t\t\t<\/div>\n\t\t\t\t<\/div>\n\t\t\t\t<\/div>\n\t\t","protected":false},"excerpt":{"rendered":"<p>Das Team Fr. AlbachFr. AmmannHr. BakirFr. BaumbachFr. BozFr. CelikFr. DuxHr. EmdeHr. EmreFr. ErFr. Gr\u00e4berFr. GrupeFr. HengsterFr. HindenburgFr. Oberl\u00e4nderFr. OduncuFr. OrganFr. OttoHr. PetersFr. Schr\u00f6derFr. WegnerFr. Zahn Kollegium Weitere Mitarbeiter Fr. AntoniadouFr. UthmannHr. MinkFr. WienkeHr. WesteHr. Kr\u00fcger SchulsozialarbeitSozialp\u00e4dagogische FachkraftSozialp\u00e4dagogische FachkraftSekret\u00e4rinSchulverwaltungsassistentHausmeister Team Offener Ganztag Fr. KokiliFr. BalkanFr. HeiselFr. KahramanFr. KarademirFr. RiegerFr. TreyFr. Yalcinkaya Brotzeit-Team Fr. HollandFr. IngenfeldFr. Stalberg<\/p>\n","protected":false},"author":1,"featured_media":0,"parent":0,"menu_order":57,"comment_status":"closed","ping_status":"closed","template":"","meta":{"ocean_post_layout":"","ocean_both_sidebars_style":"","ocean_both_sidebars_content_width":0,"ocean_both_sidebars_sidebars_width":0,"ocean_sidebar":"","ocean_second_sidebar":"","ocean_disable_margins":"enable","ocean_add_body_class":"","ocean_shortcode_before_top_bar":"","ocean_shortcode_after_top_bar":"","ocean_shortcode_before_header":"","ocean_shortcode_after_header":"","ocean_has_shortcode":"","ocean_shortcode_after_title":"","ocean_shortcode_before_footer_widgets":"","ocean_shortcode_after_footer_widgets":"","ocean_shortcode_before_footer_bottom":"","ocean_shortcode_after_footer_bottom":"","ocean_display_top_bar":"default","ocean_display_header":"default","ocean_header_style":"","ocean_center_header_left_menu":"","ocean_custom_header_template":"","ocean_custom_logo":0,"ocean_custom_retina_logo":0,"ocean_custom_logo_max_width":0,"ocean_custom_logo_tablet_max_width":0,"ocean_custom_logo_mobile_max_width":0,"ocean_custom_logo_max_height":0,"ocean_custom_logo_tablet_max_height":0,"ocean_custom_logo_mobile_max_height":0,"ocean_header_custom_menu":"","ocean_menu_typo_font_family":"","ocean_menu_typo_font_subset":"","ocean_menu_typo_font_size":0,"ocean_menu_typo_font_size_tablet":0,"ocean_menu_typo_font_size_mobile":0,"ocean_menu_typo_font_size_unit":"px","ocean_menu_typo_font_weight":"","ocean_menu_typo_font_weight_tablet":"","ocean_menu_typo_font_weight_mobile":"","ocean_menu_typo_transform":"","ocean_menu_typo_transform_tablet":"","ocean_menu_typo_transform_mobile":"","ocean_menu_typo_line_height":0,"ocean_menu_typo_line_height_tablet":0,"ocean_menu_typo_line_height_mobile":0,"ocean_menu_typo_line_height_unit":"","ocean_menu_typo_spacing":0,"ocean_menu_typo_spacing_tablet":0,"ocean_menu_typo_spacing_mobile":0,"ocean_menu_typo_spacing_unit":"","ocean_menu_link_color":"","ocean_menu_link_color_hover":"","ocean_menu_link_color_active":"","ocean_menu_link_background":"","ocean_menu_link_hover_background":"","ocean_menu_link_active_background":"","ocean_menu_social_links_bg":"","ocean_menu_social_hover_links_bg":"","ocean_menu_social_links_color":"","ocean_menu_social_hover_links_color":"","ocean_disable_title":"default","ocean_disable_heading":"default","ocean_post_title":"","ocean_post_subheading":"","ocean_post_title_style":"","ocean_post_title_background_color":"","ocean_post_title_background":0,"ocean_post_title_bg_image_position":"","ocean_post_title_bg_image_attachment":"","ocean_post_title_bg_image_repeat":"","ocean_post_title_bg_image_size":"","ocean_post_title_height":0,"ocean_post_title_bg_overlay":0.5,"ocean_post_title_bg_overlay_color":"","ocean_disable_breadcrumbs":"default","ocean_breadcrumbs_color":"","ocean_breadcrumbs_separator_color":"","ocean_breadcrumbs_links_color":"","ocean_breadcrumbs_links_hover_color":"","ocean_display_footer_widgets":"default","ocean_display_footer_bottom":"default","ocean_custom_footer_template":"","footnotes":""},"class_list":["post-6","page","type-page","status-publish","hentry","entry"],"_links":{"self":[{"href":"https:\/\/www.grundschule-humboldtstrasse.de\/index.php?rest_route=\/wp\/v2\/pages\/6","targetHints":{"allow":["GET"]}}],"collection":[{"href":"https:\/\/www.grundschule-humboldtstrasse.de\/index.php?rest_route=\/wp\/v2\/pages"}],"about":[{"href":"https:\/\/www.grundschule-humboldtstrasse.de\/index.php?rest_route=\/wp\/v2\/types\/page"}],"author":[{"embeddable":true,"href":"https:\/\/www.grundschule-humboldtstrasse.de\/index.php?rest_route=\/wp\/v2\/users\/1"}],"replies":[{"embeddable":true,"href":"https:\/\/www.grundschule-humboldtstrasse.de\/index.php?rest_route=%2Fwp%2Fv2%2Fcomments&post=6"}],"version-history":[{"count":43,"href":"https:\/\/www.grundschule-humboldtstrasse.de\/index.php?rest_route=\/wp\/v2\/pages\/6\/revisions"}],"predecessor-version":[{"id":3179,"href":"https:\/\/www.grundschule-humboldtstrasse.de\/index.php?rest_route=\/wp\/v2\/pages\/6\/revisions\/3179"}],"wp:attachment":[{"href":"https:\/\/www.grundschule-humboldtstrasse.de\/index.php?rest_route=%2Fwp%2Fv2%2Fmedia&parent=6"}],"curies":[{"name":"wp","href":"https:\/\/api.w.org\/{rel}","templated":true}]}}